{"id":576,"date":"2024-02-09T15:36:03","date_gmt":"2024-02-09T14:36:03","guid":{"rendered":"https:\/\/bunzlau.siegburg.de\/?page_id=576"},"modified":"2024-03-26T22:55:56","modified_gmt":"2024-03-26T21:55:56","slug":"startseite","status":"publish","type":"page","link":"https:\/\/bunzlau.siegburg.de\/","title":{"rendered":"Willkommen bei der Bundesheimatgruppe Bunzlau zu Siegburg &#8211; Stadt und Kreis e.V."},"content":{"rendered":"\n<p class=\"has-text-align-left\" style=\"font-size:26px\"><strong>Wie sch\u00f6n, dass Sie uns gefunden haben!<\/strong><\/p>\n\n\n\n<h2 class=\"wp-block-heading\" style=\"font-size:18px\"><strong>Wir begr\u00fc\u00dfen Sie bei den deutschen Bunzlauern und w\u00fcnschen Ihnen eine erfolgreiche und angenehme Lekt\u00fcre.<\/strong><\/h2>\n\n\n<div class=\"wp-block-image\">\n<figure class=\"alignright size-full is-resized\"><img loading=\"lazy\" decoding=\"async\" width=\"2560\" height=\"1643\" src=\"https:\/\/bunzlau.siegburg.de\/wp-content\/uploads\/2024\/03\/Bzl.Markt-21.1.1-scaled.jpg\" alt=\"\" class=\"wp-image-717\" style=\"width:851px;height:auto\" srcset=\"https:\/\/bunzlau.siegburg.de\/wp-content\/uploads\/2024\/03\/Bzl.Markt-21.1.1-scaled.jpg 2560w, https:\/\/bunzlau.siegburg.de\/wp-content\/uploads\/2024\/03\/Bzl.Markt-21.1.1-1300x834.jpg 1300w, https:\/\/bunzlau.siegburg.de\/wp-content\/uploads\/2024\/03\/Bzl.Markt-21.1.1-768x493.jpg 768w, https:\/\/bunzlau.siegburg.de\/wp-content\/uploads\/2024\/03\/Bzl.Markt-21.1.1-1536x986.jpg 1536w, https:\/\/bunzlau.siegburg.de\/wp-content\/uploads\/2024\/03\/Bzl.Markt-21.1.1-2048x1315.jpg 2048w\" sizes=\"auto, (max-width: 2560px) 100vw, 2560px\" \/><\/figure>\n<\/div>\n\n\n<p class=\"has-text-color has-link-color wp-elements-39054228204a324d2f9372047dbce2db\" style=\"color:#0037ff;font-size:17px\">So sah es einst im alten deutschen Bunzlau aus.  Aber wir halten Kontakt zur Vergangenheit <em>und<\/em> zur Gegenwart. Deshalb laden wir Sie genauso herzlich ins heutige polnische Bunzlau (Boleslawiec) ein.<\/p>\n\n\n\n<p>Wenn Sie N\u00e4heres \u00fcber die Bundesheimatgruppe Bunzlau erfahren m\u00f6chten, klicken Sie einfach eines der angebotenen Themen an oder besuchen Sie die ausf\u00fchrliche Vorstellung von <a href=\"https:\/\/bunzlau.siegburg.de\/index.php\/unser-verein\/\" data-type=\"link\" data-id=\"https:\/\/bunzlau.siegburg.de\/index.php\/unser-verein\/\">unserem Verein.<\/a><\/p>\n\n\n<div class=\"wp-block-image\">\n<figure class=\"aligncenter size-full is-resized\"><img loading=\"lazy\" decoding=\"async\" width=\"1175\" height=\"835\" src=\"https:\/\/bunzlau.siegburg.de\/wp-content\/uploads\/2024\/03\/Schlesienkarte.Liebenthal.jpg\" alt=\"\" class=\"wp-image-1075\" style=\"width:840px;height:auto\" srcset=\"https:\/\/bunzlau.siegburg.de\/wp-content\/uploads\/2024\/03\/Schlesienkarte.Liebenthal.jpg 1175w, https:\/\/bunzlau.siegburg.de\/wp-content\/uploads\/2024\/03\/Schlesienkarte.Liebenthal-768x546.jpg 768w\" sizes=\"auto, (max-width: 1175px) 100vw, 1175px\" \/><figcaption class=\"wp-element-caption\"><sub><mark style=\"background-color:rgba(0, 0, 0, 0)\" class=\"has-inline-color has-accent-color\">Etwas zur geografischen Lage Bunzlaus f\u00fcr Kenner des einstigen deutschen Schlesiens: Bunzlau liegt zwischen G\u00f6rlitz und Liegnitz. Oder weiter gefasst: Bunzlau liegt am \u00f6stlichen Rand der Oberlausitz, kurz bevor die Oder-Tiefebene zu den Sudeten (mit Iser-Gebirge und Riesengebirge) ansteigt &#8211; auf halbem Weg zwischen den Gro\u00dfst\u00e4dten Dresden nach Breslau.<br><\/mark><\/sub><\/figcaption><\/figure>\n<\/div>","protected":false},"excerpt":{"rendered":"<p>Wie sch\u00f6n, dass Sie uns gefunden haben! Wir begr\u00fc\u00dfen Sie bei den deutschen Bunzlauern und w\u00fcnschen Ihnen eine erfolgreiche und angenehme Lekt\u00fcre. So sah es einst im alten deutschen Bunzlau aus. Aber wir halten Kontakt zur Vergangenheit und zur Gegenwart. Deshalb laden wir Sie genauso herzlich ins heutige polnische Bunzlau [&hellip;]<\/p>\n","protected":false},"author":3,"featured_media":0,"parent":0,"menu_order":0,"comment_status":"closed","ping_status":"closed","template":"","meta":{"footnotes":""},"class_list":["post-576","page","type-page","status-publish","hentry"],"_links":{"self":[{"href":"https:\/\/bunzlau.siegburg.de\/index.php\/wp-json\/wp\/v2\/pages\/576","targetHints":{"allow":["GET"]}}],"collection":[{"href":"https:\/\/bunzlau.siegburg.de\/index.php\/wp-json\/wp\/v2\/pages"}],"about":[{"href":"https:\/\/bunzlau.siegburg.de\/index.php\/wp-json\/wp\/v2\/types\/page"}],"author":[{"embeddable":true,"href":"https:\/\/bunzlau.siegburg.de\/index.php\/wp-json\/wp\/v2\/users\/3"}],"replies":[{"embeddable":true,"href":"https:\/\/bunzlau.siegburg.de\/index.php\/wp-json\/wp\/v2\/comments?post=576"}],"version-history":[{"count":26,"href":"https:\/\/bunzlau.siegburg.de\/index.php\/wp-json\/wp\/v2\/pages\/576\/revisions"}],"predecessor-version":[{"id":1146,"href":"https:\/\/bunzlau.siegburg.de\/index.php\/wp-json\/wp\/v2\/pages\/576\/revisions\/1146"}],"wp:attachment":[{"href":"https:\/\/bunzlau.siegburg.de\/index.php\/wp-json\/wp\/v2\/media?parent=576"}],"curies":[{"name":"wp","href":"https:\/\/api.w.org\/{rel}","templated":true}]}}