{"id":15,"date":"2020-02-19T09:35:49","date_gmt":"2020-02-19T08:35:49","guid":{"rendered":"http:\/\/bunzlau.siegburg.eu\/index.php\/impressum\/"},"modified":"2021-12-27T18:41:03","modified_gmt":"2021-12-27T17:41:03","slug":"impressum","status":"publish","type":"page","link":"https:\/\/bunzlau.siegburg.de\/index.php\/impressum\/","title":{"rendered":"Impressum"},"content":{"rendered":"<p>Bundesheimatgruppe Bunzlau zu Siegburg &#8211; Stadt und Kreis &#8211; \u00a0e. V.<br \/>\nVereinsvorsitzender: Ferdinand Idasiak<\/p>\n<p>Postadresse:<\/p>\n<p>Nogenter Platz 10<br \/>\n53719 Siegburg<br \/>\nDeutschland<br \/>\nE-Mail-Adresse: peter-boerner@onlinehome.de<br \/>\nTelefonnummer: +49 2241 590019 (Peter B\u00f6rner)<\/p>\n<p>Verantwortlich f\u00fcr den Inhalt:<\/p>\n<p>Plattform der Europ\u00e4ischen Kommission zur Online-Streitbeilegung (OS) f\u00fcr Verbraucher: <a href=\"https:\/\/ec.europa.eu\/consumers\/odr\/\" target=\"_blank\" rel=\"noopener\">https:\/\/ec.europa.eu\/consumers\/odr\/<\/a>. Wir sind nicht bereit und nicht verpflichtet an einem Streitbeilegungsverfahren vor einer Verbraucherschlichtungsstelle teilzunehmen.<\/p>\n","protected":false},"excerpt":{"rendered":"<p>Bundesheimatgruppe Bunzlau zu Siegburg &#8211; Stadt und Kreis &#8211; \u00a0e. V. Vereinsvorsitzender: Ferdinand Idasiak Postadresse: Nogenter Platz 10 53719 Siegburg Deutschland E-Mail-Adresse: peter-boerner@onlinehome.de Telefonnummer: +49 2241 590019 (Peter B\u00f6rner) Verantwortlich f\u00fcr den Inhalt: Plattform der Europ\u00e4ischen Kommission zur Online-Streitbeilegung (OS) f\u00fcr Verbraucher: https:\/\/ec.europa.eu\/consumers\/odr\/. Wir sind nicht bereit und nicht verpflichtet [&hellip;]<\/p>\n","protected":false},"author":1,"featured_media":0,"parent":0,"menu_order":0,"comment_status":"closed","ping_status":"closed","template":"","meta":{"footnotes":""},"class_list":["post-15","page","type-page","status-publish","hentry"],"_links":{"self":[{"href":"https:\/\/bunzlau.siegburg.de\/index.php\/wp-json\/wp\/v2\/pages\/15","targetHints":{"allow":["GET"]}}],"collection":[{"href":"https:\/\/bunzlau.siegburg.de\/index.php\/wp-json\/wp\/v2\/pages"}],"about":[{"href":"https:\/\/bunzlau.siegburg.de\/index.php\/wp-json\/wp\/v2\/types\/page"}],"author":[{"embeddable":true,"href":"https:\/\/bunzlau.siegburg.de\/index.php\/wp-json\/wp\/v2\/users\/1"}],"replies":[{"embeddable":true,"href":"https:\/\/bunzlau.siegburg.de\/index.php\/wp-json\/wp\/v2\/comments?post=15"}],"version-history":[{"count":1,"href":"https:\/\/bunzlau.siegburg.de\/index.php\/wp-json\/wp\/v2\/pages\/15\/revisions"}],"predecessor-version":[{"id":158,"href":"https:\/\/bunzlau.siegburg.de\/index.php\/wp-json\/wp\/v2\/pages\/15\/revisions\/158"}],"wp:attachment":[{"href":"https:\/\/bunzlau.siegburg.de\/index.php\/wp-json\/wp\/v2\/media?parent=15"}],"curies":[{"name":"wp","href":"https:\/\/api.w.org\/{rel}","templated":true}]}}